{"id":223,"date":"2025-04-02T16:07:46","date_gmt":"2025-04-02T16:07:46","guid":{"rendered":"http:\/\/sartal.pt\/?page_id=223"},"modified":"2025-04-21T08:53:44","modified_gmt":"2025-04-21T08:53:44","slug":"termos-e-condicoes","status":"publish","type":"page","link":"https:\/\/quintadavassala.pt\/index.php\/termos-e-condicoes\/","title":{"rendered":"Termos e Condi\u00e7\u00f5es"},"content":{"rendered":"\t\t<div data-elementor-type=\"wp-page\" data-elementor-id=\"223\" class=\"elementor elementor-223\">\n\t\t\t\t<div class=\"elementor-element elementor-element-7139368 e-flex e-con-boxed e-con e-parent\" data-id=\"7139368\" data-element_type=\"container\">\n\t\t\t\t\t<div class=\"e-con-inner\">\n\t\t\t\t<div class=\"elementor-element elementor-element-70f0b26 elementor-widget elementor-widget-spacer\" data-id=\"70f0b26\" data-element_type=\"widget\" data-widget_type=\"spacer.default\">\n\t\t\t\t<div class=\"elementor-widget-container\">\n\t\t\t\t\t\t\t<div class=\"elementor-spacer\">\n\t\t\t<div class=\"elementor-spacer-inner\"><\/div>\n\t\t<\/div>\n\t\t\t\t\t\t<\/div>\n\t\t\t\t<\/div>\n\t\t\t\t<div class=\"elementor-element elementor-element-be92257 elementor-widget elementor-widget-heading\" data-id=\"be92257\" data-element_type=\"widget\" data-widget_type=\"heading.default\">\n\t\t\t\t<div class=\"elementor-widget-container\">\n\t\t\t\t\t<h2 class=\"elementor-heading-title elementor-size-default\">Termos e Condi\u00e7\u00f5es<\/h2>\t\t\t\t<\/div>\n\t\t\t\t<\/div>\n\t\t\t\t<div class=\"elementor-element elementor-element-1f4573a elementor-widget elementor-widget-text-editor\" data-id=\"1f4573a\" data-element_type=\"widget\" data-widget_type=\"text-editor.default\">\n\t\t\t\t<div class=\"elementor-widget-container\">\n\t\t\t\t\t\t\t\t\t<p dir=\"ltr\">Antes de utilizar o nosso servi\u00e7o de compras por email, leia atentamente os termos e condi\u00e7\u00f5es abaixo descriminados, devendo ser sempre respeitados no \u00e2mbito das rela\u00e7\u00f5es com a Vassala Wines.<\/p><p dir=\"ltr\">As presentes condi\u00e7\u00f5es t\u00eam por objectivo definir as Condi\u00e7\u00f5es Gerais de Venda, estabelecidas entre a Vassala Wines e o Cliente tais como: o acesso ao site, o ato da encomenda, o m\u00e9todo de pagamento e as condi\u00e7\u00f5es de entrega dos produtos.<\/p><p dir=\"ltr\">A Vassala Wines reserva-se o direito de modificar unilateralmente, em qualquer momento e sem aviso pr\u00e9vio, a apresenta\u00e7\u00e3o e configura\u00e7\u00e3o do website, o cat\u00e1logo de produtos e as condi\u00e7\u00f5es requeridas para aceder e\/ou utilizar o website.<\/p>\t\t\t\t\t\t\t\t<\/div>\n\t\t\t\t<\/div>\n\t\t\t\t<div class=\"elementor-element elementor-element-f53b46a elementor-widget elementor-widget-spacer\" data-id=\"f53b46a\" data-element_type=\"widget\" data-widget_type=\"spacer.default\">\n\t\t\t\t<div class=\"elementor-widget-container\">\n\t\t\t\t\t\t\t<div class=\"elementor-spacer\">\n\t\t\t<div class=\"elementor-spacer-inner\"><\/div>\n\t\t<\/div>\n\t\t\t\t\t\t<\/div>\n\t\t\t\t<\/div>\n\t\t\t\t\t<\/div>\n\t\t\t\t<\/div>\n\t\t\t\t<\/div>\n\t\t","protected":false},"excerpt":{"rendered":"<p>Termos e Condi\u00e7\u00f5es Antes de utilizar o nosso servi\u00e7o de compras por email, leia atentamente os termos e condi\u00e7\u00f5es abaixo descriminados, devendo ser sempre respeitados no \u00e2mbito das rela\u00e7\u00f5es com a Vassala Wines. As presentes condi\u00e7\u00f5es t\u00eam por objectivo definir as Condi\u00e7\u00f5es Gerais de Venda, estabelecidas entre a Vassala Wines e o Cliente tais como: [&hellip;]<\/p>\n","protected":false},"author":1,"featured_media":0,"parent":0,"menu_order":0,"comment_status":"closed","ping_status":"closed","template":"","meta":{"footnotes":""},"class_list":["post-223","page","type-page","status-publish","hentry"],"_links":{"self":[{"href":"https:\/\/quintadavassala.pt\/index.php\/wp-json\/wp\/v2\/pages\/223","targetHints":{"allow":["GET"]}}],"collection":[{"href":"https:\/\/quintadavassala.pt\/index.php\/wp-json\/wp\/v2\/pages"}],"about":[{"href":"https:\/\/quintadavassala.pt\/index.php\/wp-json\/wp\/v2\/types\/page"}],"author":[{"embeddable":true,"href":"https:\/\/quintadavassala.pt\/index.php\/wp-json\/wp\/v2\/users\/1"}],"replies":[{"embeddable":true,"href":"https:\/\/quintadavassala.pt\/index.php\/wp-json\/wp\/v2\/comments?post=223"}],"version-history":[{"count":0,"href":"https:\/\/quintadavassala.pt\/index.php\/wp-json\/wp\/v2\/pages\/223\/revisions"}],"wp:attachment":[{"href":"https:\/\/quintadavassala.pt\/index.php\/wp-json\/wp\/v2\/media?parent=223"}],"curies":[{"name":"wp","href":"https:\/\/api.w.org\/{rel}","templated":true}]}}