{"id":2,"date":"2025-03-25T23:21:37","date_gmt":"2025-03-25T23:21:37","guid":{"rendered":"http:\/\/sartal.pt\/?page_id=2"},"modified":"2025-04-21T08:53:31","modified_gmt":"2025-04-21T08:53:31","slug":"politica-privacidade-cookies","status":"publish","type":"page","link":"https:\/\/quintadavassala.pt\/index.php\/politica-privacidade-cookies\/","title":{"rendered":"Pol\u00edtica de Privacidade e Cookies"},"content":{"rendered":"\t\t<div data-elementor-type=\"wp-page\" data-elementor-id=\"2\" class=\"elementor elementor-2\">\n\t\t\t\t<div class=\"elementor-element elementor-element-1eef48ab e-flex e-con-boxed e-con e-parent\" data-id=\"1eef48ab\" data-element_type=\"container\">\n\t\t\t\t\t<div class=\"e-con-inner\">\n\t\t\t\t<div class=\"elementor-element elementor-element-dbadbbe elementor-widget elementor-widget-spacer\" data-id=\"dbadbbe\" data-element_type=\"widget\" data-widget_type=\"spacer.default\">\n\t\t\t\t<div class=\"elementor-widget-container\">\n\t\t\t\t\t\t\t<div class=\"elementor-spacer\">\n\t\t\t<div class=\"elementor-spacer-inner\"><\/div>\n\t\t<\/div>\n\t\t\t\t\t\t<\/div>\n\t\t\t\t<\/div>\n\t\t\t\t<div class=\"elementor-element elementor-element-37115ba elementor-widget elementor-widget-heading\" data-id=\"37115ba\" data-element_type=\"widget\" data-widget_type=\"heading.default\">\n\t\t\t\t<div class=\"elementor-widget-container\">\n\t\t\t\t\t<h2 class=\"elementor-heading-title elementor-size-default\">Pol\u00edtica de Privacidade <\/h2>\t\t\t\t<\/div>\n\t\t\t\t<\/div>\n\t\t\t\t<div class=\"elementor-element elementor-element-281cf29 elementor-widget elementor-widget-text-editor\" data-id=\"281cf29\" data-element_type=\"widget\" data-widget_type=\"text-editor.default\">\n\t\t\t\t<div class=\"elementor-widget-container\">\n\t\t\t\t\t\t\t\t\t<p>De acordo com a Lei da Prote\u00e7\u00e3o de Dados Pessoais (LPDP) e o Regulamento Geral de Prote\u00e7\u00e3o de Dados (RGPD), a prote\u00e7\u00e3o de dados pessoais \u00e9 garantida para assegurar a privacidade dos indiv\u00edduos. Dados pessoais incluem qualquer informa\u00e7\u00e3o que possa identificar uma pessoa, como nome, e-mail ou n\u00famero de telefone. Ao aceitar a nossa Pol\u00edtica de Privacidade, o utilizador d\u00e1 o seu consentimento expresso para que os seus dados sejam tratados pela Vassala Wines, com medidas de seguran\u00e7a adequadas.<\/p>\n<p>Os dados recolhidos s\u00e3o usados apenas para fins como cumprir obriga\u00e7\u00f5es legais, enviar newsletters, e comunicar promo\u00e7\u00f5es e solu\u00e7\u00f5es de parceiros. O utilizador garante que as informa\u00e7\u00f5es fornecidas s\u00e3o verdadeiras e completas, sendo respons\u00e1vel por qualquer dano causado pela viola\u00e7\u00e3o dessa obriga\u00e7\u00e3o. Caso forne\u00e7a dados de terceiros, o utilizador deve garantir que obteve a autoriza\u00e7\u00e3o desses terceiros para partilhar os seus dados.<\/p>\n<p>O utilizador tem direito de aceder, corrigir ou apagar os seus dados pessoais a qualquer momento, bem como retirar o seu consentimento para o processamento de dados.<\/p>\t\t\t\t\t\t\t\t<\/div>\n\t\t\t\t<\/div>\n\t\t\t\t<div class=\"elementor-element elementor-element-477e7f9 elementor-widget elementor-widget-spacer\" data-id=\"477e7f9\" data-element_type=\"widget\" data-widget_type=\"spacer.default\">\n\t\t\t\t<div class=\"elementor-widget-container\">\n\t\t\t\t\t\t\t<div class=\"elementor-spacer\">\n\t\t\t<div class=\"elementor-spacer-inner\"><\/div>\n\t\t<\/div>\n\t\t\t\t\t\t<\/div>\n\t\t\t\t<\/div>\n\t\t\t\t<div class=\"elementor-element elementor-element-103cf7e elementor-widget elementor-widget-heading\" data-id=\"103cf7e\" data-element_type=\"widget\" data-widget_type=\"heading.default\">\n\t\t\t\t<div class=\"elementor-widget-container\">\n\t\t\t\t\t<h2 class=\"elementor-heading-title elementor-size-default\">Pol\u00edtica de Cookies<\/h2>\t\t\t\t<\/div>\n\t\t\t\t<\/div>\n\t\t\t\t<div class=\"elementor-element elementor-element-13fda14 elementor-widget elementor-widget-text-editor\" data-id=\"13fda14\" data-element_type=\"widget\" data-widget_type=\"text-editor.default\">\n\t\t\t\t<div class=\"elementor-widget-container\">\n\t\t\t\t\t\t\t\t\t<p><span data-teams=\"true\">Este site utiliza cookies, que s\u00e3o pequenos arquivos de texto para identificar o seu computador e melhorar a navega\u00e7\u00e3o. Os cookies n\u00e3o recolhem informa\u00e7\u00f5es pessoais, apenas ajudam a otimizar o site, tornando a navega\u00e7\u00e3o mais r\u00e1pida e eficiente, evitando a necessidade de inserir repetidamente as mesmas informa\u00e7\u00f5es. A utiliza\u00e7\u00e3o de cookies s\u00f3 acontece com o seu consentimento e pode ser desativada a qualquer momento.<\/span><\/p>\t\t\t\t\t\t\t\t<\/div>\n\t\t\t\t<\/div>\n\t\t\t\t\t<\/div>\n\t\t\t\t<\/div>\n\t\t<div class=\"elementor-element elementor-element-a6b7b06 e-flex e-con-boxed e-con e-parent\" data-id=\"a6b7b06\" data-element_type=\"container\">\n\t\t\t\t\t<div class=\"e-con-inner\">\n\t\t\t\t<div class=\"elementor-element elementor-element-f2e93a8 elementor-widget elementor-widget-spacer\" data-id=\"f2e93a8\" data-element_type=\"widget\" data-widget_type=\"spacer.default\">\n\t\t\t\t<div class=\"elementor-widget-container\">\n\t\t\t\t\t\t\t<div class=\"elementor-spacer\">\n\t\t\t<div class=\"elementor-spacer-inner\"><\/div>\n\t\t<\/div>\n\t\t\t\t\t\t<\/div>\n\t\t\t\t<\/div>\n\t\t\t\t\t<\/div>\n\t\t\t\t<\/div>\n\t\t\t\t<\/div>\n\t\t","protected":false},"excerpt":{"rendered":"<p>Pol\u00edtica de Privacidade De acordo com a Lei da Prote\u00e7\u00e3o de Dados Pessoais (LPDP) e o Regulamento Geral de Prote\u00e7\u00e3o de Dados (RGPD), a prote\u00e7\u00e3o de dados pessoais \u00e9 garantida para assegurar a privacidade dos indiv\u00edduos. Dados pessoais incluem qualquer informa\u00e7\u00e3o que possa identificar uma pessoa, como nome, e-mail ou n\u00famero de telefone. Ao aceitar [&hellip;]<\/p>\n","protected":false},"author":1,"featured_media":0,"parent":0,"menu_order":0,"comment_status":"closed","ping_status":"closed","template":"","meta":{"footnotes":""},"class_list":["post-2","page","type-page","status-publish","hentry"],"_links":{"self":[{"href":"https:\/\/quintadavassala.pt\/index.php\/wp-json\/wp\/v2\/pages\/2","targetHints":{"allow":["GET"]}}],"collection":[{"href":"https:\/\/quintadavassala.pt\/index.php\/wp-json\/wp\/v2\/pages"}],"about":[{"href":"https:\/\/quintadavassala.pt\/index.php\/wp-json\/wp\/v2\/types\/page"}],"author":[{"embeddable":true,"href":"https:\/\/quintadavassala.pt\/index.php\/wp-json\/wp\/v2\/users\/1"}],"replies":[{"embeddable":true,"href":"https:\/\/quintadavassala.pt\/index.php\/wp-json\/wp\/v2\/comments?post=2"}],"version-history":[{"count":0,"href":"https:\/\/quintadavassala.pt\/index.php\/wp-json\/wp\/v2\/pages\/2\/revisions"}],"wp:attachment":[{"href":"https:\/\/quintadavassala.pt\/index.php\/wp-json\/wp\/v2\/media?parent=2"}],"curies":[{"name":"wp","href":"https:\/\/api.w.org\/{rel}","templated":true}]}}